{"id":3,"date":"2023-01-04T01:31:02","date_gmt":"2023-01-04T01:31:02","guid":{"rendered":"https:\/\/soypride.tur.ar\/?page_id=3"},"modified":"2023-04-21T01:22:11","modified_gmt":"2023-04-21T01:22:11","slug":"politica-privacidad","status":"publish","type":"page","link":"https:\/\/soypride.tur.ar\/en\/politica-privacidad\/","title":{"rendered":"Pol\u00edtica de privacidad"},"content":{"rendered":"<p>Los datos personales que lxs usuarixs brinden libremente a trav\u00e9s de\u00a0www.soypride.tur.ar\u00a0a SOY PRIDE en formularios electr\u00f3nicos o manuales, tales como nombres, domicilio, n\u00famero telef\u00f3nico, pa\u00eds, correo electr\u00f3nico, etc, son incluidos en archivos automatizados, procesados bajo normas de estricta confidencialidad y protecci\u00f3n de datos.<\/p>\n\n\n\n<p>La informaci\u00f3n es utilizada por SOY PRIDE con el \u00fanico objeto de mejorar la oferta de servicios a sus usuarixs y podr\u00e1 ser utilizada con fines comerciales o estad\u00edsticos.<\/p>\n\n\n\n<p>SOY PRIDE no comparte, suministra o informa datos personales de lxs usuarixs a los anunciantes o terceros.<\/p>\n\n\n\n<p>La informaci\u00f3n personal obtenida de lxs usuarixs no ser\u00e1 revelada a terceras personas sin su consentimiento previo, salvo requerimiento de autoridad competente.<\/p>\n\n\n\n<p>Lxs usuarixs podr\u00e1n, en cualquier momento, informar cualquier actualizaci\u00f3n de sus datos personales, incluyendo la supresi\u00f3n, rectificaci\u00f3n o cancelaci\u00f3n de los mismos ofreciendo toda la informaci\u00f3n necesaria que acredite su identidad.<\/p>\n\n\n\n<p>SOY PRIDE utiliza archivos que el navegador de lxs usuarios guarda autom\u00e1ticamente en el disco r\u00edgido de lxs mismxs para mejorar y facilitar la navegaci\u00f3n, o con fines estad\u00edsticos y de an\u00e1lisis de car\u00e1cter general; en ning\u00fan caso los archivos -cookies- pueden leer informaci\u00f3n de su disco r\u00edgido o archivos creados por otros sitios. Si no desea que su navegador acepte autom\u00e1ticamente los cookies, puede cambiar esa condici\u00f3n modificando las opciones del navegador.<\/p>\n\n\n\n<p>Los servicios de emisi\u00f3n de informaci\u00f3n a nuestrxs usuarixs v\u00eda correo electr\u00f3nico cuentan con la autorizaci\u00f3n expresa de lxs mismxs, y en el caso de no desear recibir este tipo de informaci\u00f3n podr\u00e1 informarlo para ser autom\u00e1ticamente eliminadx del listado de distribuci\u00f3n.<\/p>\n\n\n\n<p>SOY PRIDE cumple en un todo con la Ley 25.326, Ley de Protecci\u00f3n de Datos Personales, y sus Art\u00edculos reglamentarios en todo lo referente al tratamiento de la informaci\u00f3n surgida de sus clientes.<\/p>\n\n\n\n<p>La utilizaci\u00f3n de cualquiera de los servicios de SOY PRIDE ser\u00e1 considerada como aceptaci\u00f3n de los t\u00e9rminos de esta Pol\u00edtica de Privacidad por parte del lxs usuarixs.<\/p>\n\n\n\n<p>Por cualquier aclaraci\u00f3n o comentario puede dirigirse a SOY PRIDE S.R.L. mediante correo electr\u00f3nico a info@soypride.tur.ar.<\/p>\n\n\n\n<p>La pol\u00edtica de privacidad del servicio Gravatar est\u00e1 disponible aqu\u00ed: https:\/\/automattic.com\/privacy\/. Despu\u00e9s de la aprobaci\u00f3n de tu comentario, la imagen de tu perfil es visible para el p\u00fablico en el contexto de tu comentario.<\/p>\n\n\n\n<h2 class=\"wp-block-heading\">sitios de terceros<\/h2>\n\n\n\n<p>En el Sitio Web se podr\u00edan incluir enlaces a sitios controlados por terceros. Lxs Usuarixs deben recordar que al usar un enlace para acceder desde el Sitio Web de SOY PRIDE a otro, dejar\u00e1n de surtir efectos la Pol\u00edtica de Privacidad y la Pol\u00edtica de Cookies. La presente Pol\u00edtica de Privacidad no refleja las pr\u00e1cticas en materia de privacidad de esos otros sitios de terceros. SOY PRIDE declina cualquier tipo de responsabilidad con respecto a la privacidad y el tratamiento de datos de otros sitios web. <\/p>\n\n\n\n<p>La navegaci\u00f3n e interacci\u00f3n en cualquier otro sitio web, incluidos aquellos que est\u00e9n enlazados con el Sitio Web de SOY PRIDE, est\u00e1 sujeta a las normas y pol\u00edticas de dicho sitio. Recomendamos a lxs usuarixs que lean las pol\u00edticas de tratamiento de datos y privacidad de los sitios web que visite a trav\u00e9s del enlace existente en el Sitio Web o de cualquier otro modo.\u00a0<\/p>\n\n\n\n<h2 class=\"wp-block-heading\">Contenido incrustado de otros sitios web<\/h2>\n\n\n\n<p>Los art\u00edculos de este sitio pueden incluir contenido incrustado (por ejemplo, v\u00eddeos, im\u00e1genes, art\u00edculos, etc.). El contenido incrustado de otras webs se comporta exactamente de la misma manera que si lxs usuarixs hubieran visitado la otra web.<\/p>\n\n\n\n<p>Estas web pueden recopilar datos sobre su persona, utilizar cookies, incrustar un seguimiento adicional de terceros, y supervisar su interacci\u00f3n con ese contenido incrustado, incluido el seguimiento de tu interacci\u00f3n con el contenido incrustado si tienes una cuenta y est\u00e1s conectado a esa web.<\/p>\n\n\n\n<h2 class=\"wp-block-heading\">CONFIDENCIALIDAD<\/h2>\n\n\n\n<p>Los datos personales que podamos recabar a trav\u00e9s del Sitio Web o por medio de las distintas comunicaciones que mantengamos con el Usuario ser\u00e1n tratados con absoluta confidencialidad, comprometi\u00e9ndonos a guardar secreto respecto de los mismos y garantizando el deber de guardarlos adoptando todas las medidas necesarias que eviten su alteraci\u00f3n, p\u00e9rdida y tratamiento o acceso no autorizado, de acuerdo con lo establecido en la legislaci\u00f3n aplicable.<\/p>\n\n\n\n<h2 class=\"wp-block-heading\">PROPIEDAD INTELECTUAL DEL CONTENIDO DEL SITIO<\/h2>\n\n\n\n<p>Los derechos de propiedad intelectual del Sitio Web, su c\u00f3digo fuente, dise\u00f1o, estructuras de navegaci\u00f3n y los distintos elementos en ella contenidos son titularidad de la SOY PRIDE, a quien corresponde el ejercicio exclusivo de los derechos de explotaci\u00f3n de los mismos en cualquier forma y en especial, los derechos de reproducci\u00f3n, distribuci\u00f3n, comunicaci\u00f3n p\u00fablica y transformaci\u00f3n, de acuerdo con la legislaci\u00f3n espa\u00f1ola y de la uni\u00f3n europea aplicable. <\/p>\n\n\n\n<p>SOY PRIDE informa a lxs usuarixs de que no concede licencia o autorizaci\u00f3n expresa o impl\u00edcita alguna sobre los derechos de propiedad intelectual y\/o industrial o sobre cualquier otro derecho o propiedad relacionada, directa o indirectamente, con los contenidos incluidos en el Sitio Web.<\/p>","protected":false},"excerpt":{"rendered":"<p>Los datos personales que lxs usuarixs brinden libremente a trav\u00e9s de\u00a0www.soypride.tur.ar\u00a0a SOY PRIDE en formularios electr\u00f3nicos o manuales, tales como nombres, domicilio, n\u00famero telef\u00f3nico, pa\u00eds, correo electr\u00f3nico, etc, son incluidos en archivos automatizados, procesados bajo normas de estricta confidencialidad y protecci\u00f3n de datos. La informaci\u00f3n es utilizada por SOY PRIDE con el \u00fanico objeto de [&hellip;]<\/p>\n","protected":false},"author":1,"featured_media":0,"parent":0,"menu_order":0,"comment_status":"closed","ping_status":"open","template":"","meta":{"_uag_custom_page_level_css":"","site-sidebar-layout":"default","site-content-layout":"","ast-site-content-layout":"default","site-content-style":"default","site-sidebar-style":"default","ast-global-header-display":"","ast-banner-title-visibility":"","ast-main-header-display":"","ast-hfb-above-header-display":"","ast-hfb-below-header-display":"","ast-hfb-mobile-header-display":"","site-post-title":"","ast-breadcrumbs-content":"","ast-featured-img":"","footer-sml-layout":"","ast-disable-related-posts":"","theme-transparent-header-meta":"","adv-header-id-meta":"","stick-header-meta":"","header-above-stick-meta":"","header-main-stick-meta":"","header-below-stick-meta":"","astra-migrate-meta-layouts":"default","ast-page-background-enabled":"default","ast-page-background-meta":{"desktop":{"background-color":"","background-image":"","background-repeat":"repeat","background-position":"center center","background-size":"auto","background-attachment":"scroll","background-type":"","background-media":"","overlay-type":"","overlay-color":"","overlay-opacity":"","overlay-gradient":""},"tablet":{"background-color":"","background-image":"","background-repeat":"repeat","background-position":"center center","background-size":"auto","background-attachment":"scroll","background-type":"","background-media":"","overlay-type":"","overlay-color":"","overlay-opacity":"","overlay-gradient":""},"mobile":{"background-color":"","background-image":"","background-repeat":"repeat","background-position":"center center","background-size":"auto","background-attachment":"scroll","background-type":"","background-media":"","overlay-type":"","overlay-color":"","overlay-opacity":"","overlay-gradient":""}},"ast-content-background-meta":{"desktop":{"background-color":"var(--ast-global-color-5)","background-image":"","background-repeat":"repeat","background-position":"center center","background-size":"auto","background-attachment":"scroll","background-type":"","background-media":"","overlay-type":"","overlay-color":"","overlay-opacity":"","overlay-gradient":""},"tablet":{"background-color":"var(--ast-global-color-5)","background-image":"","background-repeat":"repeat","background-position":"center center","background-size":"auto","background-attachment":"scroll","background-type":"","background-media":"","overlay-type":"","overlay-color":"","overlay-opacity":"","overlay-gradient":""},"mobile":{"background-color":"var(--ast-global-color-5)","background-image":"","background-repeat":"repeat","background-position":"center center","background-size":"auto","background-attachment":"scroll","background-type":"","background-media":"","overlay-type":"","overlay-color":"","overlay-opacity":"","overlay-gradient":""}},"_joinchat":[],"footnotes":""},"class_list":["post-3","page","type-page","status-publish","hentry"],"yoast_head":"<!-- This site is optimized with the Yoast SEO plugin v27.5 - https:\/\/yoast.com\/product\/yoast-seo-wordpress\/ -->\n<title>Pol\u00edtica de privacidad - Soy Pride<\/title>\n<meta name=\"robots\" content=\"index, follow, max-snippet:-1, max-image-preview:large, max-video-preview:-1\" \/>\n<link rel=\"canonical\" href=\"https:\/\/soypride.tur.ar\/en\/politica-privacidad\/\" \/>\n<meta property=\"og:locale\" content=\"en_US\" \/>\n<meta property=\"og:type\" content=\"article\" \/>\n<meta property=\"og:title\" content=\"Pol\u00edtica de privacidad - Soy Pride\" \/>\n<meta property=\"og:description\" content=\"Los datos personales que lxs usuarixs brinden libremente a trav\u00e9s de\u00a0www.soypride.tur.ar\u00a0a SOY PRIDE en formularios electr\u00f3nicos o manuales, tales como nombres, domicilio, n\u00famero telef\u00f3nico, pa\u00eds, correo electr\u00f3nico, etc, son incluidos en archivos automatizados, procesados bajo normas de estricta confidencialidad y protecci\u00f3n de datos. La informaci\u00f3n es utilizada por SOY PRIDE con el \u00fanico objeto de [&hellip;]\" \/>\n<meta property=\"og:url\" content=\"https:\/\/soypride.tur.ar\/en\/politica-privacidad\/\" \/>\n<meta property=\"og:site_name\" content=\"Soy Pride\" \/>\n<meta property=\"article:publisher\" content=\"https:\/\/www.instagram.com\/soyprideviajes\" \/>\n<meta property=\"article:modified_time\" content=\"2023-04-21T01:22:11+00:00\" \/>\n<meta name=\"twitter:card\" content=\"summary_large_image\" \/>\n<meta name=\"twitter:label1\" content=\"Est. reading time\" \/>\n\t<meta name=\"twitter:data1\" content=\"4 minutes\" \/>\n<script type=\"application\/ld+json\" class=\"yoast-schema-graph\">{\"@context\":\"https:\\\/\\\/schema.org\",\"@graph\":[{\"@type\":\"WebPage\",\"@id\":\"https:\\\/\\\/soypride.tur.ar\\\/politica-privacidad\\\/\",\"url\":\"https:\\\/\\\/soypride.tur.ar\\\/politica-privacidad\\\/\",\"name\":\"Pol\u00edtica de privacidad - Soy Pride\",\"isPartOf\":{\"@id\":\"https:\\\/\\\/soypride.tur.ar\\\/#website\"},\"datePublished\":\"2023-01-04T01:31:02+00:00\",\"dateModified\":\"2023-04-21T01:22:11+00:00\",\"breadcrumb\":{\"@id\":\"https:\\\/\\\/soypride.tur.ar\\\/politica-privacidad\\\/#breadcrumb\"},\"inLanguage\":\"en-US\",\"potentialAction\":[{\"@type\":\"ReadAction\",\"target\":[\"https:\\\/\\\/soypride.tur.ar\\\/politica-privacidad\\\/\"]}]},{\"@type\":\"BreadcrumbList\",\"@id\":\"https:\\\/\\\/soypride.tur.ar\\\/politica-privacidad\\\/#breadcrumb\",\"itemListElement\":[{\"@type\":\"ListItem\",\"position\":1,\"name\":\"Portada\",\"item\":\"https:\\\/\\\/soypride.tur.ar\\\/\"},{\"@type\":\"ListItem\",\"position\":2,\"name\":\"Pol\u00edtica de privacidad\"}]},{\"@type\":\"WebSite\",\"@id\":\"https:\\\/\\\/soypride.tur.ar\\\/#website\",\"url\":\"https:\\\/\\\/soypride.tur.ar\\\/\",\"name\":\"Soy Pride\",\"description\":\"Viajes y Turismo LGBTQ+\",\"publisher\":{\"@id\":\"https:\\\/\\\/soypride.tur.ar\\\/#organization\"},\"potentialAction\":[{\"@type\":\"SearchAction\",\"target\":{\"@type\":\"EntryPoint\",\"urlTemplate\":\"https:\\\/\\\/soypride.tur.ar\\\/?s={search_term_string}\"},\"query-input\":{\"@type\":\"PropertyValueSpecification\",\"valueRequired\":true,\"valueName\":\"search_term_string\"}}],\"inLanguage\":\"en-US\"},{\"@type\":\"Organization\",\"@id\":\"https:\\\/\\\/soypride.tur.ar\\\/#organization\",\"name\":\"Soy Pride\",\"url\":\"https:\\\/\\\/soypride.tur.ar\\\/\",\"logo\":{\"@type\":\"ImageObject\",\"inLanguage\":\"en-US\",\"@id\":\"https:\\\/\\\/soypride.tur.ar\\\/#\\\/schema\\\/logo\\\/image\\\/\",\"url\":\"https:\\\/\\\/soypride.tur.ar\\\/wp-content\\\/uploads\\\/2023\\\/01\\\/SOY-HORIZONTAL.png\",\"contentUrl\":\"https:\\\/\\\/soypride.tur.ar\\\/wp-content\\\/uploads\\\/2023\\\/01\\\/SOY-HORIZONTAL.png\",\"width\":751,\"height\":185,\"caption\":\"Soy Pride\"},\"image\":{\"@id\":\"https:\\\/\\\/soypride.tur.ar\\\/#\\\/schema\\\/logo\\\/image\\\/\"},\"sameAs\":[\"https:\\\/\\\/www.instagram.com\\\/soyprideviajes\",\"https:\\\/\\\/www.tiktok.com\\\/@soyprideviajes\"]}]}<\/script>\n<!-- \/ Yoast SEO plugin. -->","yoast_head_json":{"title":"Pol\u00edtica de privacidad - Soy Pride","robots":{"index":"index","follow":"follow","max-snippet":"max-snippet:-1","max-image-preview":"max-image-preview:large","max-video-preview":"max-video-preview:-1"},"canonical":"https:\/\/soypride.tur.ar\/en\/politica-privacidad\/","og_locale":"en_US","og_type":"article","og_title":"Pol\u00edtica de privacidad - Soy Pride","og_description":"Los datos personales que lxs usuarixs brinden libremente a trav\u00e9s de\u00a0www.soypride.tur.ar\u00a0a SOY PRIDE en formularios electr\u00f3nicos o manuales, tales como nombres, domicilio, n\u00famero telef\u00f3nico, pa\u00eds, correo electr\u00f3nico, etc, son incluidos en archivos automatizados, procesados bajo normas de estricta confidencialidad y protecci\u00f3n de datos. La informaci\u00f3n es utilizada por SOY PRIDE con el \u00fanico objeto de [&hellip;]","og_url":"https:\/\/soypride.tur.ar\/en\/politica-privacidad\/","og_site_name":"Soy Pride","article_publisher":"https:\/\/www.instagram.com\/soyprideviajes","article_modified_time":"2023-04-21T01:22:11+00:00","twitter_card":"summary_large_image","twitter_misc":{"Est. reading time":"4 minutes"},"schema":{"@context":"https:\/\/schema.org","@graph":[{"@type":"WebPage","@id":"https:\/\/soypride.tur.ar\/politica-privacidad\/","url":"https:\/\/soypride.tur.ar\/politica-privacidad\/","name":"Pol\u00edtica de privacidad - Soy Pride","isPartOf":{"@id":"https:\/\/soypride.tur.ar\/#website"},"datePublished":"2023-01-04T01:31:02+00:00","dateModified":"2023-04-21T01:22:11+00:00","breadcrumb":{"@id":"https:\/\/soypride.tur.ar\/politica-privacidad\/#breadcrumb"},"inLanguage":"en-US","potentialAction":[{"@type":"ReadAction","target":["https:\/\/soypride.tur.ar\/politica-privacidad\/"]}]},{"@type":"BreadcrumbList","@id":"https:\/\/soypride.tur.ar\/politica-privacidad\/#breadcrumb","itemListElement":[{"@type":"ListItem","position":1,"name":"Portada","item":"https:\/\/soypride.tur.ar\/"},{"@type":"ListItem","position":2,"name":"Pol\u00edtica de privacidad"}]},{"@type":"WebSite","@id":"https:\/\/soypride.tur.ar\/#website","url":"https:\/\/soypride.tur.ar\/","name":"Soy Pride","description":"Viajes y Turismo LGBTQ+","publisher":{"@id":"https:\/\/soypride.tur.ar\/#organization"},"potentialAction":[{"@type":"SearchAction","target":{"@type":"EntryPoint","urlTemplate":"https:\/\/soypride.tur.ar\/?s={search_term_string}"},"query-input":{"@type":"PropertyValueSpecification","valueRequired":true,"valueName":"search_term_string"}}],"inLanguage":"en-US"},{"@type":"Organization","@id":"https:\/\/soypride.tur.ar\/#organization","name":"Soy Pride","url":"https:\/\/soypride.tur.ar\/","logo":{"@type":"ImageObject","inLanguage":"en-US","@id":"https:\/\/soypride.tur.ar\/#\/schema\/logo\/image\/","url":"https:\/\/soypride.tur.ar\/wp-content\/uploads\/2023\/01\/SOY-HORIZONTAL.png","contentUrl":"https:\/\/soypride.tur.ar\/wp-content\/uploads\/2023\/01\/SOY-HORIZONTAL.png","width":751,"height":185,"caption":"Soy Pride"},"image":{"@id":"https:\/\/soypride.tur.ar\/#\/schema\/logo\/image\/"},"sameAs":["https:\/\/www.instagram.com\/soyprideviajes","https:\/\/www.tiktok.com\/@soyprideviajes"]}]}},"uagb_featured_image_src":{"full":false,"thumbnail":false,"medium":false,"medium_large":false,"large":false,"1536x1536":false,"2048x2048":false,"trp-custom-language-flag":false},"uagb_author_info":{"display_name":"soypride","author_link":"https:\/\/soypride.tur.ar\/en\/author\/soypride\/"},"uagb_comment_info":0,"uagb_excerpt":"Los datos personales que lxs usuarixs brinden libremente a trav\u00e9s de\u00a0www.soypride.tur.ar\u00a0a SOY PRIDE en formularios electr\u00f3nicos o manuales, tales como nombres, domicilio, n\u00famero telef\u00f3nico, pa\u00eds, correo electr\u00f3nico, etc, son incluidos en archivos automatizados, procesados bajo normas de estricta confidencialidad y protecci\u00f3n de datos. La informaci\u00f3n es utilizada por SOY PRIDE con el \u00fanico objeto de&hellip;","_links":{"self":[{"href":"https:\/\/soypride.tur.ar\/en\/wp-json\/wp\/v2\/pages\/3","targetHints":{"allow":["GET"]}}],"collection":[{"href":"https:\/\/soypride.tur.ar\/en\/wp-json\/wp\/v2\/pages"}],"about":[{"href":"https:\/\/soypride.tur.ar\/en\/wp-json\/wp\/v2\/types\/page"}],"author":[{"embeddable":true,"href":"https:\/\/soypride.tur.ar\/en\/wp-json\/wp\/v2\/users\/1"}],"replies":[{"embeddable":true,"href":"https:\/\/soypride.tur.ar\/en\/wp-json\/wp\/v2\/comments?post=3"}],"version-history":[{"count":2,"href":"https:\/\/soypride.tur.ar\/en\/wp-json\/wp\/v2\/pages\/3\/revisions"}],"predecessor-version":[{"id":718,"href":"https:\/\/soypride.tur.ar\/en\/wp-json\/wp\/v2\/pages\/3\/revisions\/718"}],"wp:attachment":[{"href":"https:\/\/soypride.tur.ar\/en\/wp-json\/wp\/v2\/media?parent=3"}],"curies":[{"name":"wp","href":"https:\/\/api.w.org\/{rel}","templated":true}]}}