{"id":413,"date":"2020-09-15T06:48:29","date_gmt":"2020-09-15T06:48:29","guid":{"rendered":"https:\/\/soypride.tur.ar\/about\/"},"modified":"2026-04-26T17:31:51","modified_gmt":"2026-04-26T17:31:51","slug":"quienes-somos","status":"publish","type":"page","link":"https:\/\/soypride.tur.ar\/en\/quienes-somos\/","title":{"rendered":"About us"},"content":{"rendered":"<div class=\"wp-block-uagb-container uagb-block-cb310181 alignfull uagb-is-root-container\"><div class=\"uagb-container-inner-blocks-wrap\">\n<div class=\"wp-block-uagb-advanced-heading uagb-block-58ceb39f\"><h1 class=\"uagb-heading-text\">QUIENES SOMOS<\/h1><\/div>\n<\/div><\/div>\n\n\n\n<div class=\"wp-block-uagb-container uagb-block-9651485c alignfull uagb-is-root-container\"><div class=\"uagb-container-inner-blocks-wrap\">\n<div class=\"wp-block-uagb-container uagb-block-c8bc8db7\">\n<div class=\"inherit-container-width wp-block-group is-layout-constrained wp-block-group-is-layout-constrained\"><div class=\"wp-block-group__inner-container\">\n<p class=\"has-text-align-left\">Soy Pride es la primer agencia de viajes y turismo LGBTQ+ de la Ciudad de Buenos Aires, Argentina. Somos una empresa comprometida con generar espacios seguros, diversos y libres de violencia.  Es por ello que nuestra misi\u00f3n es ser un puente para que lxs viajerxs puedan cumplir su sue\u00f1o de explorar el mundo de forma segura, respetuosa, libre e igualitaria. <br>Trabajamos constantemente en la innovaci\u00f3n de nuestros productos y propuestas tur\u00edsticas para garantizar a nuestra comunidad viajera una experiencia diferente y especialmente adaptada a sus necesidades.<\/p>\n<\/div><\/div>\n<\/div>\n\n\n\n<div class=\"wp-block-uagb-container uagb-block-652f135c\">\n<div class=\"wp-block-uagb-image uagb-block-d0f31656 wp-block-uagb-image--layout-default wp-block-uagb-image--effect-static wp-block-uagb-image--align-none\"><figure class=\"wp-block-uagb-image__figure\"><img decoding=\"async\" srcset=\"https:\/\/soypride.tur.ar\/wp-content\/uploads\/2023\/03\/recorrido-por-la-puna-salta-scaled-1-1024x752.webp \" sizes=\"auto, (max-width: 480px) 150px\" src=\"https:\/\/soypride.tur.ar\/wp-content\/uploads\/2023\/03\/recorrido-por-la-puna-salta-scaled-1-1024x752.webp\" alt=\"imagen puna salte\u00f1a\" class=\"uag-image-658\" width=\"1024\" height=\"752\" title=\"\" loading=\"lazy\" role=\"img\"\/><\/figure><\/div>\n<\/div>\n<\/div><\/div>\n\n\n\n<div class=\"wp-block-uagb-container uagb-block-57a069d2 alignfull uagb-is-root-container\"><div class=\"uagb-container-inner-blocks-wrap\">\n<div class=\"wp-block-uagb-image uagb-block-bdc3c965 wp-block-uagb-image--layout-default wp-block-uagb-image--effect-static wp-block-uagb-image--align-none\"><figure class=\"wp-block-uagb-image__figure\"><img decoding=\"async\" srcset=\"https:\/\/soypride.tur.ar\/wp-content\/uploads\/2023\/03\/lgbt-gay-travel-1024x576.webp \" sizes=\"auto, (max-width: 480px) 150px\" src=\"https:\/\/soypride.tur.ar\/wp-content\/uploads\/2023\/03\/lgbt-gay-travel-1024x576.webp\" alt=\"\" class=\"uag-image-660\" width=\"579\" height=\"326\" title=\"\" loading=\"lazy\" role=\"img\"\/><\/figure><\/div>\n\n\n\n<div class=\"wp-block-uagb-container uagb-block-1d523f0b\">\n<div class=\"wp-block-uagb-advanced-heading uagb-block-09a5f212\"><h4 class=\"uagb-heading-text\">Our Values<\/h4><div class=\"uagb-separator\"><\/div><p class=\"uagb-desc-text\">Our values define us:<\/p><\/div>\n\n\n\n<div class=\"wp-block-uagb-icon-list uagb-block-5ed9c716\"><div class=\"uagb-icon-list__wrap\">\n<div class=\"wp-block-uagb-icon-list-child uagb-block-d04b295f\"><span class=\"uagb-icon-list__source-wrap\"><svg xmlns=\"https:\/\/www.w3.org\/2000\/svg\" viewbox=\"0 0 448 512\"><path d=\"M400 288h-352c-17.69 0-32-14.32-32-32.01s14.31-31.99 32-31.99h352c17.69 0 32 14.3 32 31.99S417.7 288 400 288z\"><\/path><\/svg><\/span><span class=\"uagb-icon-list__label\">Social responsibility and positive impact.<\/span><\/div>\n\n\n\n<div class=\"wp-block-uagb-icon-list-child uagb-block-1173aeba\"><span class=\"uagb-icon-list__source-wrap\"><svg xmlns=\"https:\/\/www.w3.org\/2000\/svg\" viewbox=\"0 0 448 512\"><path d=\"M400 288h-352c-17.69 0-32-14.32-32-32.01s14.31-31.99 32-31.99h352c17.69 0 32 14.3 32 31.99S417.7 288 400 288z\"><\/path><\/svg><\/span><span class=\"uagb-icon-list__label\">Innovation &amp; Quality<\/span><\/div>\n\n\n\n<div class=\"wp-block-uagb-icon-list-child uagb-block-2b86ce18\"><span class=\"uagb-icon-list__source-wrap\"><svg xmlns=\"https:\/\/www.w3.org\/2000\/svg\" viewbox=\"0 0 448 512\"><path d=\"M400 288h-352c-17.69 0-32-14.32-32-32.01s14.31-31.99 32-31.99h352c17.69 0 32 14.3 32 31.99S417.7 288 400 288z\"><\/path><\/svg><\/span><span class=\"uagb-icon-list__label\">Diversidad e Igualdad<\/span><\/div>\n\n\n\n<div class=\"wp-block-uagb-icon-list-child uagb-block-934f574d\"><span class=\"uagb-icon-list__source-wrap\"><svg xmlns=\"https:\/\/www.w3.org\/2000\/svg\" viewbox=\"0 0 448 512\"><path d=\"M400 288h-352c-17.69 0-32-14.32-32-32.01s14.31-31.99 32-31.99h352c17.69 0 32 14.3 32 31.99S417.7 288 400 288z\"><\/path><\/svg><\/span><span class=\"uagb-icon-list__label\">Sustainability<\/span><\/div>\n\n\n\n<div class=\"wp-block-uagb-icon-list-child uagb-block-62bffbee\"><span class=\"uagb-icon-list__source-wrap\"><svg xmlns=\"https:\/\/www.w3.org\/2000\/svg\" viewbox=\"0 0 448 512\"><path d=\"M400 288h-352c-17.69 0-32-14.32-32-32.01s14.31-31.99 32-31.99h352c17.69 0 32 14.3 32 31.99S417.7 288 400 288z\"><\/path><\/svg><\/span><span class=\"uagb-icon-list__label\">Commitment<\/span><\/div>\n<\/div><\/div>\n<\/div>\n<\/div><\/div>\n\n\n\n<div class=\"wp-block-uagb-container uagb-block-466404f0 alignfull uagb-is-root-container\"><div class=\"uagb-container-inner-blocks-wrap\">\n<div class=\"wp-block-uagb-advanced-heading uagb-block-9d26dbe7\"><h4 class=\"uagb-heading-text\">Media<\/h4><div class=\"uagb-separator\"><\/div><p class=\"uagb-desc-text\">\"TURISMO DIVERSO\" column in radio program CINEVERSATIL Y M\u00c1S on www.radiolamadriguera.com (Spanish).<\/p><\/div>\n\n\n\n<div class=\"wp-block-uagb-container uagb-block-adbaedc0\">\n<iframe style=\"border-radius:12px\" src=\"https:\/\/open.spotify.com\/embed\/episode\/4iL9qXq1vJJbwp9S8DnQM5?utm_source=generator\" width=\"100%\" height=\"352\" frameborder=\"0\" allowfullscreen=\"\" allow=\"autoplay; clipboard-write; encrypted-media; fullscreen; picture-in-picture\" loading=\"lazy\"><\/iframe>\n<\/div>\n<\/div><\/div>","protected":false},"excerpt":{"rendered":"<p>QUIENES SOMOS Soy Pride es la primer agencia de viajes y turismo LGBTQ+ de la Ciudad de Buenos Aires, Argentina. Somos una empresa comprometida con generar espacios seguros, diversos y libres de violencia. Es por ello que nuestra misi\u00f3n es ser un puente para que lxs viajerxs puedan cumplir su sue\u00f1o de explorar el mundo [&hellip;]<\/p>\n","protected":false},"author":1,"featured_media":0,"parent":0,"menu_order":0,"comment_status":"closed","ping_status":"closed","template":"","meta":{"_uag_custom_page_level_css":"","site-sidebar-layout":"no-sidebar","site-content-layout":"plain-container","ast-site-content-layout":"normal-width-container","site-content-style":"unboxed","site-sidebar-style":"unboxed","ast-global-header-display":"","ast-banner-title-visibility":"","ast-main-header-display":"","ast-hfb-above-header-display":"","ast-hfb-below-header-display":"","ast-hfb-mobile-header-display":"","site-post-title":"disabled","ast-breadcrumbs-content":"","ast-featured-img":"disabled","footer-sml-layout":"","ast-disable-related-posts":"","theme-transparent-header-meta":"enabled","adv-header-id-meta":"","stick-header-meta":"","header-above-stick-meta":"","header-main-stick-meta":"","header-below-stick-meta":"","astra-migrate-meta-layouts":"set","ast-page-background-enabled":"default","ast-page-background-meta":{"desktop":{"background-color":"","background-image":"","background-repeat":"repeat","background-position":"center center","background-size":"auto","background-attachment":"scroll","background-type":"","background-media":"","overlay-type":"","overlay-color":"","overlay-opacity":"","overlay-gradient":""},"tablet":{"background-color":"","background-image":"","background-repeat":"repeat","background-position":"center center","background-size":"auto","background-attachment":"scroll","background-type":"","background-media":"","overlay-type":"","overlay-color":"","overlay-opacity":"","overlay-gradient":""},"mobile":{"background-color":"","background-image":"","background-repeat":"repeat","background-position":"center center","background-size":"auto","background-attachment":"scroll","background-type":"","background-media":"","overlay-type":"","overlay-color":"","overlay-opacity":"","overlay-gradient":""}},"ast-content-background-meta":{"desktop":{"background-color":"var(--ast-global-color-5)","background-image":"","background-repeat":"repeat","background-position":"center center","background-size":"auto","background-attachment":"scroll","background-type":"","background-media":"","overlay-type":"","overlay-color":"","overlay-opacity":"","overlay-gradient":""},"tablet":{"background-color":"var(--ast-global-color-5)","background-image":"","background-repeat":"repeat","background-position":"center center","background-size":"auto","background-attachment":"scroll","background-type":"","background-media":"","overlay-type":"","overlay-color":"","overlay-opacity":"","overlay-gradient":""},"mobile":{"background-color":"var(--ast-global-color-5)","background-image":"","background-repeat":"repeat","background-position":"center center","background-size":"auto","background-attachment":"scroll","background-type":"","background-media":"","overlay-type":"","overlay-color":"","overlay-opacity":"","overlay-gradient":""}},"_joinchat":[],"footnotes":""},"class_list":["post-413","page","type-page","status-publish","hentry"],"yoast_head":"<!-- This site is optimized with the Yoast SEO plugin v27.5 - https:\/\/yoast.com\/product\/yoast-seo-wordpress\/ -->\n<title>Quienes somos - Soy Pride<\/title>\n<meta name=\"robots\" content=\"index, follow, max-snippet:-1, max-image-preview:large, max-video-preview:-1\" \/>\n<link rel=\"canonical\" href=\"https:\/\/soypride.tur.ar\/en\/quienes-somos\/\" \/>\n<meta property=\"og:locale\" content=\"en_US\" \/>\n<meta property=\"og:type\" content=\"article\" \/>\n<meta property=\"og:title\" content=\"Quienes somos - Soy Pride\" \/>\n<meta property=\"og:description\" content=\"QUIENES SOMOS Soy Pride es la primer agencia de viajes y turismo LGBTQ+ de la Ciudad de Buenos Aires, Argentina. Somos una empresa comprometida con generar espacios seguros, diversos y libres de violencia. Es por ello que nuestra misi\u00f3n es ser un puente para que lxs viajerxs puedan cumplir su sue\u00f1o de explorar el mundo [&hellip;]\" \/>\n<meta property=\"og:url\" content=\"https:\/\/soypride.tur.ar\/en\/quienes-somos\/\" \/>\n<meta property=\"og:site_name\" content=\"Soy Pride\" \/>\n<meta property=\"article:publisher\" content=\"https:\/\/www.instagram.com\/soyprideviajes\" \/>\n<meta property=\"article:modified_time\" content=\"2026-04-26T17:31:51+00:00\" \/>\n<meta property=\"og:image\" content=\"http:\/\/soypride.tur.ar\/wp-content\/uploads\/2023\/03\/recorrido-por-la-puna-salta-scaled-1-1024x752.webp\" \/>\n<meta name=\"twitter:card\" content=\"summary_large_image\" \/>\n<script type=\"application\/ld+json\" class=\"yoast-schema-graph\">{\"@context\":\"https:\\\/\\\/schema.org\",\"@graph\":[{\"@type\":\"WebPage\",\"@id\":\"https:\\\/\\\/soypride.tur.ar\\\/quienes-somos\\\/\",\"url\":\"https:\\\/\\\/soypride.tur.ar\\\/quienes-somos\\\/\",\"name\":\"Quienes somos - Soy Pride\",\"isPartOf\":{\"@id\":\"https:\\\/\\\/soypride.tur.ar\\\/#website\"},\"primaryImageOfPage\":{\"@id\":\"https:\\\/\\\/soypride.tur.ar\\\/quienes-somos\\\/#primaryimage\"},\"image\":{\"@id\":\"https:\\\/\\\/soypride.tur.ar\\\/quienes-somos\\\/#primaryimage\"},\"thumbnailUrl\":\"http:\\\/\\\/soypride.tur.ar\\\/wp-content\\\/uploads\\\/2023\\\/03\\\/recorrido-por-la-puna-salta-scaled-1-1024x752.webp\",\"datePublished\":\"2020-09-15T06:48:29+00:00\",\"dateModified\":\"2026-04-26T17:31:51+00:00\",\"breadcrumb\":{\"@id\":\"https:\\\/\\\/soypride.tur.ar\\\/quienes-somos\\\/#breadcrumb\"},\"inLanguage\":\"en-US\",\"potentialAction\":[{\"@type\":\"ReadAction\",\"target\":[\"https:\\\/\\\/soypride.tur.ar\\\/quienes-somos\\\/\"]}]},{\"@type\":\"ImageObject\",\"inLanguage\":\"en-US\",\"@id\":\"https:\\\/\\\/soypride.tur.ar\\\/quienes-somos\\\/#primaryimage\",\"url\":\"http:\\\/\\\/soypride.tur.ar\\\/wp-content\\\/uploads\\\/2023\\\/03\\\/recorrido-por-la-puna-salta-scaled-1-1024x752.webp\",\"contentUrl\":\"http:\\\/\\\/soypride.tur.ar\\\/wp-content\\\/uploads\\\/2023\\\/03\\\/recorrido-por-la-puna-salta-scaled-1-1024x752.webp\"},{\"@type\":\"BreadcrumbList\",\"@id\":\"https:\\\/\\\/soypride.tur.ar\\\/quienes-somos\\\/#breadcrumb\",\"itemListElement\":[{\"@type\":\"ListItem\",\"position\":1,\"name\":\"Portada\",\"item\":\"https:\\\/\\\/soypride.tur.ar\\\/\"},{\"@type\":\"ListItem\",\"position\":2,\"name\":\"Quienes somos\"}]},{\"@type\":\"WebSite\",\"@id\":\"https:\\\/\\\/soypride.tur.ar\\\/#website\",\"url\":\"https:\\\/\\\/soypride.tur.ar\\\/\",\"name\":\"Soy Pride\",\"description\":\"Viajes y Turismo LGBTQ+\",\"publisher\":{\"@id\":\"https:\\\/\\\/soypride.tur.ar\\\/#organization\"},\"potentialAction\":[{\"@type\":\"SearchAction\",\"target\":{\"@type\":\"EntryPoint\",\"urlTemplate\":\"https:\\\/\\\/soypride.tur.ar\\\/?s={search_term_string}\"},\"query-input\":{\"@type\":\"PropertyValueSpecification\",\"valueRequired\":true,\"valueName\":\"search_term_string\"}}],\"inLanguage\":\"en-US\"},{\"@type\":\"Organization\",\"@id\":\"https:\\\/\\\/soypride.tur.ar\\\/#organization\",\"name\":\"Soy Pride\",\"url\":\"https:\\\/\\\/soypride.tur.ar\\\/\",\"logo\":{\"@type\":\"ImageObject\",\"inLanguage\":\"en-US\",\"@id\":\"https:\\\/\\\/soypride.tur.ar\\\/#\\\/schema\\\/logo\\\/image\\\/\",\"url\":\"https:\\\/\\\/soypride.tur.ar\\\/wp-content\\\/uploads\\\/2023\\\/01\\\/SOY-HORIZONTAL.png\",\"contentUrl\":\"https:\\\/\\\/soypride.tur.ar\\\/wp-content\\\/uploads\\\/2023\\\/01\\\/SOY-HORIZONTAL.png\",\"width\":751,\"height\":185,\"caption\":\"Soy Pride\"},\"image\":{\"@id\":\"https:\\\/\\\/soypride.tur.ar\\\/#\\\/schema\\\/logo\\\/image\\\/\"},\"sameAs\":[\"https:\\\/\\\/www.instagram.com\\\/soyprideviajes\",\"https:\\\/\\\/www.tiktok.com\\\/@soyprideviajes\"]}]}<\/script>\n<!-- \/ Yoast SEO plugin. -->","yoast_head_json":{"title":"Quienes somos - Soy Pride","robots":{"index":"index","follow":"follow","max-snippet":"max-snippet:-1","max-image-preview":"max-image-preview:large","max-video-preview":"max-video-preview:-1"},"canonical":"https:\/\/soypride.tur.ar\/en\/quienes-somos\/","og_locale":"en_US","og_type":"article","og_title":"Quienes somos - Soy Pride","og_description":"QUIENES SOMOS Soy Pride es la primer agencia de viajes y turismo LGBTQ+ de la Ciudad de Buenos Aires, Argentina. Somos una empresa comprometida con generar espacios seguros, diversos y libres de violencia. Es por ello que nuestra misi\u00f3n es ser un puente para que lxs viajerxs puedan cumplir su sue\u00f1o de explorar el mundo [&hellip;]","og_url":"https:\/\/soypride.tur.ar\/en\/quienes-somos\/","og_site_name":"Soy Pride","article_publisher":"https:\/\/www.instagram.com\/soyprideviajes","article_modified_time":"2026-04-26T17:31:51+00:00","og_image":[{"url":"http:\/\/soypride.tur.ar\/wp-content\/uploads\/2023\/03\/recorrido-por-la-puna-salta-scaled-1-1024x752.webp","type":"","width":"","height":""}],"twitter_card":"summary_large_image","schema":{"@context":"https:\/\/schema.org","@graph":[{"@type":"WebPage","@id":"https:\/\/soypride.tur.ar\/quienes-somos\/","url":"https:\/\/soypride.tur.ar\/quienes-somos\/","name":"Quienes somos - Soy Pride","isPartOf":{"@id":"https:\/\/soypride.tur.ar\/#website"},"primaryImageOfPage":{"@id":"https:\/\/soypride.tur.ar\/quienes-somos\/#primaryimage"},"image":{"@id":"https:\/\/soypride.tur.ar\/quienes-somos\/#primaryimage"},"thumbnailUrl":"http:\/\/soypride.tur.ar\/wp-content\/uploads\/2023\/03\/recorrido-por-la-puna-salta-scaled-1-1024x752.webp","datePublished":"2020-09-15T06:48:29+00:00","dateModified":"2026-04-26T17:31:51+00:00","breadcrumb":{"@id":"https:\/\/soypride.tur.ar\/quienes-somos\/#breadcrumb"},"inLanguage":"en-US","potentialAction":[{"@type":"ReadAction","target":["https:\/\/soypride.tur.ar\/quienes-somos\/"]}]},{"@type":"ImageObject","inLanguage":"en-US","@id":"https:\/\/soypride.tur.ar\/quienes-somos\/#primaryimage","url":"http:\/\/soypride.tur.ar\/wp-content\/uploads\/2023\/03\/recorrido-por-la-puna-salta-scaled-1-1024x752.webp","contentUrl":"http:\/\/soypride.tur.ar\/wp-content\/uploads\/2023\/03\/recorrido-por-la-puna-salta-scaled-1-1024x752.webp"},{"@type":"BreadcrumbList","@id":"https:\/\/soypride.tur.ar\/quienes-somos\/#breadcrumb","itemListElement":[{"@type":"ListItem","position":1,"name":"Portada","item":"https:\/\/soypride.tur.ar\/"},{"@type":"ListItem","position":2,"name":"Quienes somos"}]},{"@type":"WebSite","@id":"https:\/\/soypride.tur.ar\/#website","url":"https:\/\/soypride.tur.ar\/","name":"Soy Pride","description":"Viajes y Turismo LGBTQ+","publisher":{"@id":"https:\/\/soypride.tur.ar\/#organization"},"potentialAction":[{"@type":"SearchAction","target":{"@type":"EntryPoint","urlTemplate":"https:\/\/soypride.tur.ar\/?s={search_term_string}"},"query-input":{"@type":"PropertyValueSpecification","valueRequired":true,"valueName":"search_term_string"}}],"inLanguage":"en-US"},{"@type":"Organization","@id":"https:\/\/soypride.tur.ar\/#organization","name":"Soy Pride","url":"https:\/\/soypride.tur.ar\/","logo":{"@type":"ImageObject","inLanguage":"en-US","@id":"https:\/\/soypride.tur.ar\/#\/schema\/logo\/image\/","url":"https:\/\/soypride.tur.ar\/wp-content\/uploads\/2023\/01\/SOY-HORIZONTAL.png","contentUrl":"https:\/\/soypride.tur.ar\/wp-content\/uploads\/2023\/01\/SOY-HORIZONTAL.png","width":751,"height":185,"caption":"Soy Pride"},"image":{"@id":"https:\/\/soypride.tur.ar\/#\/schema\/logo\/image\/"},"sameAs":["https:\/\/www.instagram.com\/soyprideviajes","https:\/\/www.tiktok.com\/@soyprideviajes"]}]}},"uagb_featured_image_src":{"full":false,"thumbnail":false,"medium":false,"medium_large":false,"large":false,"1536x1536":false,"2048x2048":false,"trp-custom-language-flag":false},"uagb_author_info":{"display_name":"soypride","author_link":"https:\/\/soypride.tur.ar\/en\/author\/soypride\/"},"uagb_comment_info":0,"uagb_excerpt":"QUIENES SOMOS Soy Pride es la primer agencia de viajes y turismo LGBTQ+ de la Ciudad de Buenos Aires, Argentina. Somos una empresa comprometida con generar espacios seguros, diversos y libres de violencia. Es por ello que nuestra misi\u00f3n es ser un puente para que lxs viajerxs puedan cumplir su sue\u00f1o de explorar el mundo&hellip;","_links":{"self":[{"href":"https:\/\/soypride.tur.ar\/en\/wp-json\/wp\/v2\/pages\/413","targetHints":{"allow":["GET"]}}],"collection":[{"href":"https:\/\/soypride.tur.ar\/en\/wp-json\/wp\/v2\/pages"}],"about":[{"href":"https:\/\/soypride.tur.ar\/en\/wp-json\/wp\/v2\/types\/page"}],"author":[{"embeddable":true,"href":"https:\/\/soypride.tur.ar\/en\/wp-json\/wp\/v2\/users\/1"}],"replies":[{"embeddable":true,"href":"https:\/\/soypride.tur.ar\/en\/wp-json\/wp\/v2\/comments?post=413"}],"version-history":[{"count":25,"href":"https:\/\/soypride.tur.ar\/en\/wp-json\/wp\/v2\/pages\/413\/revisions"}],"predecessor-version":[{"id":1025,"href":"https:\/\/soypride.tur.ar\/en\/wp-json\/wp\/v2\/pages\/413\/revisions\/1025"}],"wp:attachment":[{"href":"https:\/\/soypride.tur.ar\/en\/wp-json\/wp\/v2\/media?parent=413"}],"curies":[{"name":"wp","href":"https:\/\/api.w.org\/{rel}","templated":true}]}}