{"id":415,"date":"2020-09-15T06:48:51","date_gmt":"2020-09-15T06:48:51","guid":{"rendered":"https:\/\/soypride.tur.ar\/services\/"},"modified":"2026-04-26T17:29:30","modified_gmt":"2026-04-26T17:29:30","slug":"servicios","status":"publish","type":"page","link":"https:\/\/soypride.tur.ar\/en\/servicios\/","title":{"rendered":"Services"},"content":{"rendered":"<div class=\"wp-block-uagb-container uagb-block-e9df1f08 alignfull uagb-is-root-container\"><div class=\"uagb-container-inner-blocks-wrap\">\n<div class=\"wp-block-uagb-advanced-heading uagb-block-204fd546\"><h1 class=\"uagb-heading-text\">SERVICIOS<\/h1><\/div>\n<\/div><\/div>\n\n\n\n<div class=\"wp-block-uagb-container uagb-block-69357688 alignfull uagb-is-root-container\"><div class=\"uagb-container-inner-blocks-wrap\">\n<div class=\"wp-block-uagb-advanced-heading uagb-block-6fc50b5d\"><h2 class=\"uagb-heading-text\">it's time to begin the adventure<\/h2><div class=\"uagb-separator\"><\/div><\/div>\n\n\n\n<div class=\"wp-block-uagb-container uagb-block-7d99f88e\">\n<div class=\"wp-block-uagb-container uagb-block-b887e6b2\">\n<div class=\"wp-block-uagb-info-box uagb-block-9a8da70d uagb-infobox__content-wrap  uagb-infobox-icon-above-title uagb-infobox-image-valign-top\"><div class=\"uagb-ifb-content\"><div class=\"uagb-ifb-image-content\"><img decoding=\"async\" src=\"http:\/\/soypride.tur.ar\/wp-content\/uploads\/2023\/03\/grupo-jovenes-activistas-derechos-lgbt-bandera-arco-iris-diversas-personas-comunidad-gay-lesbiana_16.webp\" width=\"2000\" height=\"1250\" loading=\"lazy\"\/><\/div><div class=\"uagb-ifb-title-wrap\"><h5 class=\"uagb-ifb-title\">Experiences &amp; Group Trips <\/h5><\/div><p class=\"uagb-ifb-desc\">We design different travel itineraries and experiences for you to enjoy without limits in constant company and advice from our travel team.<\/p><\/div><\/div>\n<\/div>\n\n\n\n<div class=\"wp-block-uagb-container uagb-block-438d5994\">\n<div class=\"wp-block-uagb-info-box uagb-block-1eb62727 uagb-infobox__content-wrap  uagb-infobox-icon-above-title uagb-infobox-image-valign-top\"><div class=\"uagb-ifb-content\"><div class=\"uagb-ifb-image-content\"><img decoding=\"async\" src=\"http:\/\/soypride.tur.ar\/wp-content\/uploads\/2023\/03\/4-consejos-para-planificar-viajes-online-y-ahorrar-dinero.webp\" width=\"1920\" height=\"1080\" loading=\"lazy\"\/><\/div><div class=\"uagb-ifb-title-wrap\"><h5 class=\"uagb-ifb-title\">Advice and Bespoke travel design<\/h5><\/div><p class=\"uagb-ifb-desc\">Do you dream of that special place and are you ready for adventure? We help you create the trip of your dreams for you to live an unparalleled experience.<\/p><\/div><\/div>\n<\/div>\n<\/div>\n<\/div><\/div>\n\n\n\n<div class=\"wp-block-uagb-container uagb-block-b0a3f2e6 alignfull uagb-is-root-container\"><div class=\"uagb-container-inner-blocks-wrap\">\n<div class=\"wp-block-uagb-container uagb-block-171f8429\">\n<div class=\"wp-block-uagb-advanced-heading uagb-block-446866cc\"><h3 class=\"uagb-heading-text\">Why travel with us?<\/h3><div class=\"uagb-separator\"><\/div><p class=\"uagb-desc-text\">Somos una agencia de viajes cuyo principal objetivo es ofrecerte propuestas de viaje especialmente dise\u00f1adas con altos est\u00e1ndares de calidad e innovaci\u00f3n, pero por sobre todas las cosas nos enfocamos en crear experiencias que te garanticen un espacio seguro donde el respeto, la libertad y el disfrute sean pilares fundamentales.<\/p><\/div>\n<\/div>\n\n\n\n<div class=\"wp-block-uagb-container uagb-block-3b023b7a\">\n<div class=\"wp-block-uagb-advanced-heading uagb-block-58917ca7\"><h3 class=\"uagb-heading-text\">What will you get?<\/h3><div class=\"uagb-separator\"><\/div><p class=\"uagb-desc-text\">These are some of the services that you will get when you book your group trip:<br><br><strong>Private guides:<\/strong> Todos los tours de nuestros viajes estar\u00e1n dirigidos por gu\u00edas privadxs.<br><br><strong>Permanent coordination and advice:<\/strong> Vas a estar acompa\u00f1adx durante tu viaje para que tu experiencia sea inolvidable y sin preocupaciones.<br><br><strong>Safe places:<\/strong> Todos lxs prestadorxs y servicios tur\u00edsticos que conforman la totalidad del viaje se encuentran comprometidxs con la generaci\u00f3n de espacios diversos y seguros.<br><br><strong>Small groups:<\/strong> Los grupos en cada viaje seran reducidos para asegurarte un viaje mas placentero garantizando una atenci\u00f3n personalizada por parte de nuestro equipo.<\/p><\/div>\n<\/div>\n<\/div><\/div>","protected":false},"excerpt":{"rendered":"<p>SERVICIOS ES HORA DE COMENZAR LA AVENTURA \u00bfPorqu\u00e9 viajar con nosotrxs? Somos una agencia de viajes cuyo principal objetivo es ofrecerte propuestas de viaje especialmente dise\u00f1adas con altos est\u00e1ndares de calidad e innovaci\u00f3n, pero por sobre todas las cosas nos enfocamos en crear experiencias que te garanticen un espacio seguro donde el respeto, la libertad [&hellip;]<\/p>\n","protected":false},"author":1,"featured_media":0,"parent":0,"menu_order":0,"comment_status":"closed","ping_status":"closed","template":"","meta":{"_uag_custom_page_level_css":"","site-sidebar-layout":"no-sidebar","site-content-layout":"plain-container","ast-site-content-layout":"normal-width-container","site-content-style":"unboxed","site-sidebar-style":"unboxed","ast-global-header-display":"","ast-banner-title-visibility":"","ast-main-header-display":"","ast-hfb-above-header-display":"","ast-hfb-below-header-display":"","ast-hfb-mobile-header-display":"","site-post-title":"disabled","ast-breadcrumbs-content":"","ast-featured-img":"","footer-sml-layout":"","ast-disable-related-posts":"","theme-transparent-header-meta":"enabled","adv-header-id-meta":"","stick-header-meta":"","header-above-stick-meta":"","header-main-stick-meta":"","header-below-stick-meta":"","astra-migrate-meta-layouts":"set","ast-page-background-enabled":"default","ast-page-background-meta":{"desktop":{"background-color":"","background-image":"","background-repeat":"repeat","background-position":"center center","background-size":"auto","background-attachment":"scroll","background-type":"","background-media":"","overlay-type":"","overlay-color":"","overlay-opacity":"","overlay-gradient":""},"tablet":{"background-color":"","background-image":"","background-repeat":"repeat","background-position":"center center","background-size":"auto","background-attachment":"scroll","background-type":"","background-media":"","overlay-type":"","overlay-color":"","overlay-opacity":"","overlay-gradient":""},"mobile":{"background-color":"","background-image":"","background-repeat":"repeat","background-position":"center center","background-size":"auto","background-attachment":"scroll","background-type":"","background-media":"","overlay-type":"","overlay-color":"","overlay-opacity":"","overlay-gradient":""}},"ast-content-background-meta":{"desktop":{"background-color":"var(--ast-global-color-5)","background-image":"","background-repeat":"repeat","background-position":"center center","background-size":"auto","background-attachment":"scroll","background-type":"","background-media":"","overlay-type":"","overlay-color":"","overlay-opacity":"","overlay-gradient":""},"tablet":{"background-color":"var(--ast-global-color-5)","background-image":"","background-repeat":"repeat","background-position":"center center","background-size":"auto","background-attachment":"scroll","background-type":"","background-media":"","overlay-type":"","overlay-color":"","overlay-opacity":"","overlay-gradient":""},"mobile":{"background-color":"var(--ast-global-color-5)","background-image":"","background-repeat":"repeat","background-position":"center center","background-size":"auto","background-attachment":"scroll","background-type":"","background-media":"","overlay-type":"","overlay-color":"","overlay-opacity":"","overlay-gradient":""}},"_joinchat":[],"footnotes":""},"class_list":["post-415","page","type-page","status-publish","hentry"],"yoast_head":"<!-- This site is optimized with the Yoast SEO plugin v27.5 - https:\/\/yoast.com\/product\/yoast-seo-wordpress\/ -->\n<title>Servicios - Soy Pride<\/title>\n<meta name=\"robots\" content=\"index, follow, max-snippet:-1, max-image-preview:large, max-video-preview:-1\" \/>\n<link rel=\"canonical\" href=\"https:\/\/soypride.tur.ar\/en\/servicios\/\" \/>\n<meta property=\"og:locale\" content=\"en_US\" \/>\n<meta property=\"og:type\" content=\"article\" \/>\n<meta property=\"og:title\" content=\"Servicios - Soy Pride\" \/>\n<meta property=\"og:description\" content=\"SERVICIOS ES HORA DE COMENZAR LA AVENTURA \u00bfPorqu\u00e9 viajar con nosotrxs? Somos una agencia de viajes cuyo principal objetivo es ofrecerte propuestas de viaje especialmente dise\u00f1adas con altos est\u00e1ndares de calidad e innovaci\u00f3n, pero por sobre todas las cosas nos enfocamos en crear experiencias que te garanticen un espacio seguro donde el respeto, la libertad [&hellip;]\" \/>\n<meta property=\"og:url\" content=\"https:\/\/soypride.tur.ar\/en\/servicios\/\" \/>\n<meta property=\"og:site_name\" content=\"Soy Pride\" \/>\n<meta property=\"article:publisher\" content=\"https:\/\/www.instagram.com\/soyprideviajes\" \/>\n<meta property=\"article:modified_time\" content=\"2026-04-26T17:29:30+00:00\" \/>\n<meta property=\"og:image\" content=\"http:\/\/soypride.tur.ar\/wp-content\/uploads\/2023\/03\/grupo-jovenes-activistas-derechos-lgbt-bandera-arco-iris-diversas-personas-comunidad-gay-lesbiana_16.webp\" \/>\n<meta name=\"twitter:card\" content=\"summary_large_image\" \/>\n<meta name=\"twitter:label1\" content=\"Est. reading time\" \/>\n\t<meta name=\"twitter:data1\" content=\"2 minutes\" \/>\n<script type=\"application\/ld+json\" class=\"yoast-schema-graph\">{\"@context\":\"https:\\\/\\\/schema.org\",\"@graph\":[{\"@type\":\"WebPage\",\"@id\":\"https:\\\/\\\/soypride.tur.ar\\\/servicios\\\/\",\"url\":\"https:\\\/\\\/soypride.tur.ar\\\/servicios\\\/\",\"name\":\"Servicios - Soy Pride\",\"isPartOf\":{\"@id\":\"https:\\\/\\\/soypride.tur.ar\\\/#website\"},\"primaryImageOfPage\":{\"@id\":\"https:\\\/\\\/soypride.tur.ar\\\/servicios\\\/#primaryimage\"},\"image\":{\"@id\":\"https:\\\/\\\/soypride.tur.ar\\\/servicios\\\/#primaryimage\"},\"thumbnailUrl\":\"http:\\\/\\\/soypride.tur.ar\\\/wp-content\\\/uploads\\\/2023\\\/03\\\/grupo-jovenes-activistas-derechos-lgbt-bandera-arco-iris-diversas-personas-comunidad-gay-lesbiana_16.webp\",\"datePublished\":\"2020-09-15T06:48:51+00:00\",\"dateModified\":\"2026-04-26T17:29:30+00:00\",\"breadcrumb\":{\"@id\":\"https:\\\/\\\/soypride.tur.ar\\\/servicios\\\/#breadcrumb\"},\"inLanguage\":\"en-US\",\"potentialAction\":[{\"@type\":\"ReadAction\",\"target\":[\"https:\\\/\\\/soypride.tur.ar\\\/servicios\\\/\"]}]},{\"@type\":\"ImageObject\",\"inLanguage\":\"en-US\",\"@id\":\"https:\\\/\\\/soypride.tur.ar\\\/servicios\\\/#primaryimage\",\"url\":\"http:\\\/\\\/soypride.tur.ar\\\/wp-content\\\/uploads\\\/2023\\\/03\\\/grupo-jovenes-activistas-derechos-lgbt-bandera-arco-iris-diversas-personas-comunidad-gay-lesbiana_16.webp\",\"contentUrl\":\"http:\\\/\\\/soypride.tur.ar\\\/wp-content\\\/uploads\\\/2023\\\/03\\\/grupo-jovenes-activistas-derechos-lgbt-bandera-arco-iris-diversas-personas-comunidad-gay-lesbiana_16.webp\"},{\"@type\":\"BreadcrumbList\",\"@id\":\"https:\\\/\\\/soypride.tur.ar\\\/servicios\\\/#breadcrumb\",\"itemListElement\":[{\"@type\":\"ListItem\",\"position\":1,\"name\":\"Portada\",\"item\":\"https:\\\/\\\/soypride.tur.ar\\\/\"},{\"@type\":\"ListItem\",\"position\":2,\"name\":\"Servicios\"}]},{\"@type\":\"WebSite\",\"@id\":\"https:\\\/\\\/soypride.tur.ar\\\/#website\",\"url\":\"https:\\\/\\\/soypride.tur.ar\\\/\",\"name\":\"Soy Pride\",\"description\":\"Viajes y Turismo LGBTQ+\",\"publisher\":{\"@id\":\"https:\\\/\\\/soypride.tur.ar\\\/#organization\"},\"potentialAction\":[{\"@type\":\"SearchAction\",\"target\":{\"@type\":\"EntryPoint\",\"urlTemplate\":\"https:\\\/\\\/soypride.tur.ar\\\/?s={search_term_string}\"},\"query-input\":{\"@type\":\"PropertyValueSpecification\",\"valueRequired\":true,\"valueName\":\"search_term_string\"}}],\"inLanguage\":\"en-US\"},{\"@type\":\"Organization\",\"@id\":\"https:\\\/\\\/soypride.tur.ar\\\/#organization\",\"name\":\"Soy Pride\",\"url\":\"https:\\\/\\\/soypride.tur.ar\\\/\",\"logo\":{\"@type\":\"ImageObject\",\"inLanguage\":\"en-US\",\"@id\":\"https:\\\/\\\/soypride.tur.ar\\\/#\\\/schema\\\/logo\\\/image\\\/\",\"url\":\"https:\\\/\\\/soypride.tur.ar\\\/wp-content\\\/uploads\\\/2023\\\/01\\\/SOY-HORIZONTAL.png\",\"contentUrl\":\"https:\\\/\\\/soypride.tur.ar\\\/wp-content\\\/uploads\\\/2023\\\/01\\\/SOY-HORIZONTAL.png\",\"width\":751,\"height\":185,\"caption\":\"Soy Pride\"},\"image\":{\"@id\":\"https:\\\/\\\/soypride.tur.ar\\\/#\\\/schema\\\/logo\\\/image\\\/\"},\"sameAs\":[\"https:\\\/\\\/www.instagram.com\\\/soyprideviajes\",\"https:\\\/\\\/www.tiktok.com\\\/@soyprideviajes\"]}]}<\/script>\n<!-- \/ Yoast SEO plugin. -->","yoast_head_json":{"title":"Servicios - Soy Pride","robots":{"index":"index","follow":"follow","max-snippet":"max-snippet:-1","max-image-preview":"max-image-preview:large","max-video-preview":"max-video-preview:-1"},"canonical":"https:\/\/soypride.tur.ar\/en\/servicios\/","og_locale":"en_US","og_type":"article","og_title":"Servicios - Soy Pride","og_description":"SERVICIOS ES HORA DE COMENZAR LA AVENTURA \u00bfPorqu\u00e9 viajar con nosotrxs? Somos una agencia de viajes cuyo principal objetivo es ofrecerte propuestas de viaje especialmente dise\u00f1adas con altos est\u00e1ndares de calidad e innovaci\u00f3n, pero por sobre todas las cosas nos enfocamos en crear experiencias que te garanticen un espacio seguro donde el respeto, la libertad [&hellip;]","og_url":"https:\/\/soypride.tur.ar\/en\/servicios\/","og_site_name":"Soy Pride","article_publisher":"https:\/\/www.instagram.com\/soyprideviajes","article_modified_time":"2026-04-26T17:29:30+00:00","og_image":[{"url":"http:\/\/soypride.tur.ar\/wp-content\/uploads\/2023\/03\/grupo-jovenes-activistas-derechos-lgbt-bandera-arco-iris-diversas-personas-comunidad-gay-lesbiana_16.webp","type":"","width":"","height":""}],"twitter_card":"summary_large_image","twitter_misc":{"Est. reading time":"2 minutes"},"schema":{"@context":"https:\/\/schema.org","@graph":[{"@type":"WebPage","@id":"https:\/\/soypride.tur.ar\/servicios\/","url":"https:\/\/soypride.tur.ar\/servicios\/","name":"Servicios - Soy Pride","isPartOf":{"@id":"https:\/\/soypride.tur.ar\/#website"},"primaryImageOfPage":{"@id":"https:\/\/soypride.tur.ar\/servicios\/#primaryimage"},"image":{"@id":"https:\/\/soypride.tur.ar\/servicios\/#primaryimage"},"thumbnailUrl":"http:\/\/soypride.tur.ar\/wp-content\/uploads\/2023\/03\/grupo-jovenes-activistas-derechos-lgbt-bandera-arco-iris-diversas-personas-comunidad-gay-lesbiana_16.webp","datePublished":"2020-09-15T06:48:51+00:00","dateModified":"2026-04-26T17:29:30+00:00","breadcrumb":{"@id":"https:\/\/soypride.tur.ar\/servicios\/#breadcrumb"},"inLanguage":"en-US","potentialAction":[{"@type":"ReadAction","target":["https:\/\/soypride.tur.ar\/servicios\/"]}]},{"@type":"ImageObject","inLanguage":"en-US","@id":"https:\/\/soypride.tur.ar\/servicios\/#primaryimage","url":"http:\/\/soypride.tur.ar\/wp-content\/uploads\/2023\/03\/grupo-jovenes-activistas-derechos-lgbt-bandera-arco-iris-diversas-personas-comunidad-gay-lesbiana_16.webp","contentUrl":"http:\/\/soypride.tur.ar\/wp-content\/uploads\/2023\/03\/grupo-jovenes-activistas-derechos-lgbt-bandera-arco-iris-diversas-personas-comunidad-gay-lesbiana_16.webp"},{"@type":"BreadcrumbList","@id":"https:\/\/soypride.tur.ar\/servicios\/#breadcrumb","itemListElement":[{"@type":"ListItem","position":1,"name":"Portada","item":"https:\/\/soypride.tur.ar\/"},{"@type":"ListItem","position":2,"name":"Servicios"}]},{"@type":"WebSite","@id":"https:\/\/soypride.tur.ar\/#website","url":"https:\/\/soypride.tur.ar\/","name":"Soy Pride","description":"Viajes y Turismo LGBTQ+","publisher":{"@id":"https:\/\/soypride.tur.ar\/#organization"},"potentialAction":[{"@type":"SearchAction","target":{"@type":"EntryPoint","urlTemplate":"https:\/\/soypride.tur.ar\/?s={search_term_string}"},"query-input":{"@type":"PropertyValueSpecification","valueRequired":true,"valueName":"search_term_string"}}],"inLanguage":"en-US"},{"@type":"Organization","@id":"https:\/\/soypride.tur.ar\/#organization","name":"Soy Pride","url":"https:\/\/soypride.tur.ar\/","logo":{"@type":"ImageObject","inLanguage":"en-US","@id":"https:\/\/soypride.tur.ar\/#\/schema\/logo\/image\/","url":"https:\/\/soypride.tur.ar\/wp-content\/uploads\/2023\/01\/SOY-HORIZONTAL.png","contentUrl":"https:\/\/soypride.tur.ar\/wp-content\/uploads\/2023\/01\/SOY-HORIZONTAL.png","width":751,"height":185,"caption":"Soy Pride"},"image":{"@id":"https:\/\/soypride.tur.ar\/#\/schema\/logo\/image\/"},"sameAs":["https:\/\/www.instagram.com\/soyprideviajes","https:\/\/www.tiktok.com\/@soyprideviajes"]}]}},"uagb_featured_image_src":{"full":false,"thumbnail":false,"medium":false,"medium_large":false,"large":false,"1536x1536":false,"2048x2048":false,"trp-custom-language-flag":false},"uagb_author_info":{"display_name":"soypride","author_link":"https:\/\/soypride.tur.ar\/en\/author\/soypride\/"},"uagb_comment_info":0,"uagb_excerpt":"SERVICIOS ES HORA DE COMENZAR LA AVENTURA \u00bfPorqu\u00e9 viajar con nosotrxs? Somos una agencia de viajes cuyo principal objetivo es ofrecerte propuestas de viaje especialmente dise\u00f1adas con altos est\u00e1ndares de calidad e innovaci\u00f3n, pero por sobre todas las cosas nos enfocamos en crear experiencias que te garanticen un espacio seguro donde el respeto, la libertad&hellip;","_links":{"self":[{"href":"https:\/\/soypride.tur.ar\/en\/wp-json\/wp\/v2\/pages\/415","targetHints":{"allow":["GET"]}}],"collection":[{"href":"https:\/\/soypride.tur.ar\/en\/wp-json\/wp\/v2\/pages"}],"about":[{"href":"https:\/\/soypride.tur.ar\/en\/wp-json\/wp\/v2\/types\/page"}],"author":[{"embeddable":true,"href":"https:\/\/soypride.tur.ar\/en\/wp-json\/wp\/v2\/users\/1"}],"replies":[{"embeddable":true,"href":"https:\/\/soypride.tur.ar\/en\/wp-json\/wp\/v2\/comments?post=415"}],"version-history":[{"count":38,"href":"https:\/\/soypride.tur.ar\/en\/wp-json\/wp\/v2\/pages\/415\/revisions"}],"predecessor-version":[{"id":1021,"href":"https:\/\/soypride.tur.ar\/en\/wp-json\/wp\/v2\/pages\/415\/revisions\/1021"}],"wp:attachment":[{"href":"https:\/\/soypride.tur.ar\/en\/wp-json\/wp\/v2\/media?parent=415"}],"curies":[{"name":"wp","href":"https:\/\/api.w.org\/{rel}","templated":true}]}}