{"id":417,"date":"2020-09-15T06:48:15","date_gmt":"2020-09-15T06:48:15","guid":{"rendered":"https:\/\/soypride.tur.ar\/home\/"},"modified":"2026-04-26T17:25:45","modified_gmt":"2026-04-26T17:25:45","slug":"inic","status":"publish","type":"page","link":"https:\/\/soypride.tur.ar\/en\/","title":{"rendered":"Home"},"content":{"rendered":"<div class=\"wp-block-uagb-container uagb-block-6f791efd alignfull uagb-is-root-container\"><div class=\"uagb-container-inner-blocks-wrap\">\n<div class=\"wp-block-uagb-info-box uagb-block-7bbb7ed9 uagb-infobox__content-wrap  uagb-infobox-icon-above-title uagb-infobox-image-valign-top\"><div class=\"uagb-ifb-content\"><div class=\"uagb-ifb-title-wrap\"><span class=\"uagb-ifb-title-prefix\">Exploring the world together <\/span><div class=\"uagb-ifb-separator\"><\/div><h1 class=\"uagb-ifb-title\">VIAJ\u00c1 SIENDO<br>QUIEN SOS<br><gwmw style=\"display:none;\"><gwmw style=\"display:none;\"><\/gwmw><\/gwmw><\/h1><\/div><div class=\"uagb-ifb-button-wrapper wp-block-button\"><a href=\"https:\/\/soypride.tur.ar\/en\/contacto\/\" class=\"uagb-infobox-cta-link wp-block-button__link\" target=\"_self\" rel=\"noopener noreferrer\" onclick=\"return true;\"><span class=\"uagb-inline-editing\">BOOK NOW<\/span><\/a><\/div><\/div><\/div>\n<\/div><\/div>\n\n\n\n<div class=\"wp-block-uagb-container uagb-block-db04f97e alignfull uagb-is-root-container\"><div class=\"uagb-container-inner-blocks-wrap\">\n<div class=\"wp-block-uagb-container uagb-block-1dafa6b6\">\n<div class=\"wp-block-uagb-image uagb-block-f4237bfd wp-block-uagb-image--layout-default wp-block-uagb-image--effect-static wp-block-uagb-image--align-none\"><figure class=\"wp-block-uagb-image__figure\"><img decoding=\"async\" srcset=\"https:\/\/soypride.tur.ar\/wp-content\/uploads\/2022\/08\/quote-1.png ,https:\/\/soypride.tur.ar\/wp-content\/uploads\/2022\/08\/quote-1.png 780w\" sizes=\"auto, (max-width: 480px) 150px\" src=\"https:\/\/soypride.tur.ar\/wp-content\/uploads\/2022\/08\/quote-1.png\" alt=\"\" class=\"uag-image-322\" width=\"94\" height=\"72\" title=\"\" loading=\"lazy\" role=\"img\"\/><\/figure><\/div>\n<\/div>\n\n\n\n<div class=\"wp-block-uagb-container uagb-block-694cfca9\">\n<div class=\"wp-block-uagb-advanced-heading uagb-block-55a57da4\"><p class=\"uagb-heading-text\">\"More important than the summit is the path, and more important than the path<br>are the principles that move your feet\".<\/p><p class=\"uagb-desc-text\">- Mariano Galv\u00e1n - Argentine Mountaineer<\/p><\/div>\n<\/div>\n<\/div><\/div>\n\n\n\n<div class=\"wp-block-uagb-container uagb-block-8246660a alignfull uagb-is-root-container\"><div class=\"uagb-container-inner-blocks-wrap\">\n<div class=\"wp-block-uagb-advanced-heading uagb-block-90e179f8\"><h2 class=\"uagb-heading-text\">DESTINO DESTACADO<\/h2><div class=\"uagb-separator\"><\/div><\/div>\n\n\n\n<div class=\"wp-block-uagb-info-box uagb-block-50631828 uagb-infobox__content-wrap  uagb-infobox-icon-above-title uagb-infobox-image-valign-top\"><div class=\"uagb-ifb-content\"><div class=\"uagb-ifb-image-content\"><img decoding=\"async\" src=\"http:\/\/soypride.tur.ar\/wp-content\/uploads\/2025\/09\/beco-do-batman-1024x682.jpg\" alt=\"Turista recorriendo el Beco do Batman en S\u00e3o Paulo, callej\u00f3n de Vila Madalena con murales de arte urbano y graffitis coloridos, popular entre viajeros LGBT\" width=\"1024\" height=\"682\" loading=\"lazy\"\/><\/div><div class=\"uagb-ifb-title-wrap\"><h2 class=\"uagb-ifb-title\">SAO PAULO &#8211; BRASIL<\/h2><\/div><p class=\"uagb-ifb-desc\">Viv\u00ed la incre\u00edble experiencia de explorar S\u00e3o Paulo y dejarte sorprender por su diversidad y vida urbana.<\/p><div class=\"uagb-ifb-button-wrapper wp-block-button\"><a href=\"https:\/\/soypride.tur.ar\/en\/sao-paulo\/\" class=\"uagb-infobox-cta-link wp-block-button__link\" target=\"_self\" rel=\"noopener noreferrer\" onclick=\"return true;\"><span class=\"uagb-inline-editing\">MORE INFO<\/span><svg xmlns=\"https:\/\/www.w3.org\/2000\/svg\" viewbox=\"0 0 512 512\"><path d=\"M504.3 273.6l-112.1 104c-6.992 6.484-17.18 8.218-25.94 4.406c-8.758-3.812-14.42-12.45-14.42-21.1L351.9 288H32C14.33 288 .0002 273.7 .0002 255.1S14.33 224 32 224h319.9l0-72c0-9.547 5.66-18.19 14.42-22c8.754-3.809 18.95-2.075 25.94 4.41l112.1 104C514.6 247.9 514.6 264.1 504.3 273.6z\"><\/path><\/svg><\/a><\/div><\/div><\/div>\n<\/div><\/div>\n\n\n\n<div class=\"wp-block-uagb-container uagb-block-a56c9a4b alignfull uagb-is-root-container\"><div class=\"uagb-container__video-wrap\"><video autoplay loop muted playsinline><source src=\"https:\/\/soypride.tur.ar\/wp-content\/uploads\/2023\/01\/bariloche.mp4\" type=\"video\/mp4\"\/><\/video><\/div><div class=\"uagb-container-inner-blocks-wrap\">\n<div class=\"wp-block-uagb-container uagb-block-76d18760\">\n<div class=\"wp-block-uagb-info-box uagb-block-35bb55ff uagb-infobox__content-wrap  uagb-infobox-icon-above-title uagb-infobox-image-valign-top\"><div class=\"uagb-ifb-content\"><div class=\"uagb-ifb-title-wrap\"><h2 class=\"uagb-ifb-title\">MIRADA DE VIAJERXS<\/h2><\/div><div class=\"uagb-ifb-separator\"><\/div><p class=\"uagb-ifb-desc translation-block\">We see life with the eyes of travelers, appreciating every moment and every landscape as if it were something unique and unrepeatable, feeling our being with every step we take. <br> That is why we design our experiences around certain fundamental pillars to achieve the full enjoyment of each member of our traveling community. <br> We invite you to get to know our philosophy.<\/p><div class=\"uagb-ifb-button-wrapper wp-block-button\"><a href=\"https:\/\/soypride.tur.ar\/en\/quienes-somos\/\" class=\"uagb-infobox-cta-link wp-block-button__link\" target=\"_self\" rel=\"noopener noreferrer\" onclick=\"return true;\"><span class=\"uagb-inline-editing\">MORE INFO<\/span><\/a><\/div><\/div><\/div>\n<\/div>\n<\/div><\/div>\n\n\n\n<div class=\"wp-block-uagb-container uagb-block-e0eac6d9 alignfull uagb-is-root-container\"><div class=\"uagb-container-inner-blocks-wrap\">\n<div class=\"wp-block-uagb-container uagb-block-686d2684\">\n<div class=\"wp-block-uagb-info-box uagb-block-dc1705d0 uagb-infobox__content-wrap  uagb-infobox-icon-above-title uagb-infobox-image-valign-top\"><div class=\"uagb-ifb-content\"><div class=\"uagb-ifb-title-wrap\"><h2 class=\"uagb-ifb-title\">NUEVOS DESTINOS<\/h2><\/div><p class=\"uagb-ifb-desc\">We are passionate about finding alternative and innovative destinations. <br>That's why we will soon be venturing\nwith you to discover new landscapes\nthrough our country, Argentina.\nMore information coming soon.<br>junto a ustedes a descubrir nuevos paisajes <br>a lo largo y ancho de nuestro pa\u00eds, Argentina y del mundo.<br>Muy pronto mas informaci\u00f3n.<\/p><div class=\"uagb-ifb-button-wrapper wp-block-button\"><a href=\"https:\/\/soypride.tur.ar\/en\/contacto\/\" class=\"uagb-infobox-cta-link wp-block-button__link\" target=\"_self\" rel=\"noopener noreferrer\" onclick=\"return true;\"><span class=\"uagb-inline-editing\">MORE INFO<\/span><\/a><\/div><\/div><\/div>\n<\/div>\n\n\n\n<div class=\"wp-block-uagb-container uagb-block-3bcdd288\">\n<div class=\"wp-block-uagb-image uagb-block-268269ae wp-block-uagb-image--layout-default wp-block-uagb-image--effect-static wp-block-uagb-image--align-none\"><figure class=\"wp-block-uagb-image__figure\"><img decoding=\"async\" srcset=\"https:\/\/soypride.tur.ar\/wp-content\/uploads\/2023\/03\/snow.webp ,https:\/\/soypride.tur.ar\/wp-content\/uploads\/2023\/03\/snow.webp 780w, https:\/\/soypride.tur.ar\/wp-content\/uploads\/2023\/03\/snow.webp 360w\" sizes=\"auto, (max-width: 480px) 150px\" src=\"https:\/\/soypride.tur.ar\/wp-content\/uploads\/2023\/03\/snow.webp\" alt=\"persona esquiando en la nieve\" class=\"uag-image-698\" width=\"352\" height=\"186\" title=\"\" loading=\"lazy\" role=\"img\"\/><\/figure><\/div>\n\n\n\n<div class=\"wp-block-uagb-image uagb-block-dd42901f wp-block-uagb-image--layout-default wp-block-uagb-image--effect-static wp-block-uagb-image--align-none\"><figure class=\"wp-block-uagb-image__figure\"><img decoding=\"async\" srcset=\"https:\/\/soypride.tur.ar\/wp-content\/uploads\/2023\/03\/lgbt-couple-women-with-child-looking-sunset-coast-by-sea-family-lifestyle_242111-23448-1024x682.webp ,https:\/\/soypride.tur.ar\/wp-content\/uploads\/2023\/03\/lgbt-couple-women-with-child-looking-sunset-coast-by-sea-family-lifestyle_242111-23448.webp 780w, https:\/\/soypride.tur.ar\/wp-content\/uploads\/2023\/03\/lgbt-couple-women-with-child-looking-sunset-coast-by-sea-family-lifestyle_242111-23448.webp 360w\" sizes=\"auto, (max-width: 480px) 150px\" src=\"https:\/\/soypride.tur.ar\/wp-content\/uploads\/2023\/03\/lgbt-couple-women-with-child-looking-sunset-coast-by-sea-family-lifestyle_242111-23448-1024x682.webp\" alt=\"familia lgbt en atardecer en el mar viajes y turismo\" class=\"uag-image-673\" width=\"352\" height=\"217\" title=\"\" loading=\"lazy\" role=\"img\"\/><\/figure><\/div>\n<\/div>\n\n\n\n<div class=\"wp-block-uagb-container uagb-block-80d1a3e5\">\n<div class=\"wp-block-uagb-image uagb-block-47009cec wp-block-uagb-image--layout-default wp-block-uagb-image--effect-static wp-block-uagb-image--align-none\"><figure class=\"wp-block-uagb-image__figure\"><img decoding=\"async\" srcset=\"https:\/\/soypride.tur.ar\/wp-content\/uploads\/2023\/03\/chicas-salta-optimizada.webp ,https:\/\/soypride.tur.ar\/wp-content\/uploads\/2023\/03\/chicas-salta-optimizada.webp 780w, https:\/\/soypride.tur.ar\/wp-content\/uploads\/2023\/03\/chicas-salta-optimizada.webp 360w\" sizes=\"auto, (max-width: 480px) 150px\" src=\"https:\/\/soypride.tur.ar\/wp-content\/uploads\/2023\/03\/chicas-salta-optimizada.webp\" alt=\"pareja lgbt salta argentina viajes y turismo\" class=\"uag-image-690\" width=\"352\" height=\"218\" title=\"\" loading=\"lazy\" role=\"img\"\/><\/figure><\/div>\n\n\n\n<div class=\"wp-block-uagb-image uagb-block-5d51f601 wp-block-uagb-image--layout-default wp-block-uagb-image--effect-static wp-block-uagb-image--align-none\"><figure class=\"wp-block-uagb-image__figure\"><img decoding=\"async\" srcset=\"https:\/\/soypride.tur.ar\/wp-content\/uploads\/2023\/03\/pareja-varones-optimizada.webp ,http:\/\/soypride.tur.ar\/wp-content\/uploads\/2023\/03\/pareja-varones-optimizada.webp 780w, http:\/\/soypride.tur.ar\/wp-content\/uploads\/2023\/03\/pareja-varones-optimizada.webp 360w\" sizes=\"auto, (max-width: 480px) 150px\" src=\"https:\/\/soypride.tur.ar\/wp-content\/uploads\/2023\/03\/pareja-varones-optimizada.webp\" alt=\"Pareja varones lgbtq+ con monta\u00f1a de fondo en Argentina\" class=\"uag-image-691\" width=\"352\" height=\"215\" title=\"\" loading=\"lazy\" role=\"img\"\/><\/figure><\/div>\n<\/div>\n<\/div><\/div>","protected":false},"excerpt":{"rendered":"<p>\u201cMas importante que la cima es el camino, y mas importante que el caminoson los principios que mueven tus pies\u201d &#8211; Mariano Galv\u00e1n &#8211; Monta\u00f1ista Argentino DESTINO DESTACADO<\/p>","protected":false},"author":1,"featured_media":0,"parent":416,"menu_order":0,"comment_status":"closed","ping_status":"closed","template":"","meta":{"_uag_custom_page_level_css":"","site-sidebar-layout":"no-sidebar","site-content-layout":"plain-container","ast-site-content-layout":"normal-width-container","site-content-style":"unboxed","site-sidebar-style":"unboxed","ast-global-header-display":"","ast-banner-title-visibility":"","ast-main-header-display":"","ast-hfb-above-header-display":"","ast-hfb-below-header-display":"","ast-hfb-mobile-header-display":"","site-post-title":"disabled","ast-breadcrumbs-content":"","ast-featured-img":"","footer-sml-layout":"","ast-disable-related-posts":"","theme-transparent-header-meta":"enabled","adv-header-id-meta":"","stick-header-meta":"","header-above-stick-meta":"","header-main-stick-meta":"","header-below-stick-meta":"","astra-migrate-meta-layouts":"set","ast-page-background-enabled":"default","ast-page-background-meta":{"desktop":{"background-color":"","background-image":"","background-repeat":"repeat","background-position":"center center","background-size":"auto","background-attachment":"scroll","background-type":"","background-media":"","overlay-type":"","overlay-color":"","overlay-opacity":"","overlay-gradient":""},"tablet":{"background-color":"","background-image":"","background-repeat":"repeat","background-position":"center center","background-size":"auto","background-attachment":"scroll","background-type":"","background-media":"","overlay-type":"","overlay-color":"","overlay-opacity":"","overlay-gradient":""},"mobile":{"background-color":"","background-image":"","background-repeat":"repeat","background-position":"center center","background-size":"auto","background-attachment":"scroll","background-type":"","background-media":"","overlay-type":"","overlay-color":"","overlay-opacity":"","overlay-gradient":""}},"ast-content-background-meta":{"desktop":{"background-color":"var(--ast-global-color-5)","background-image":"","background-repeat":"repeat","background-position":"center center","background-size":"auto","background-attachment":"scroll","background-type":"","background-media":"","overlay-type":"","overlay-color":"","overlay-opacity":"","overlay-gradient":""},"tablet":{"background-color":"var(--ast-global-color-5)","background-image":"","background-repeat":"repeat","background-position":"center center","background-size":"auto","background-attachment":"scroll","background-type":"","background-media":"","overlay-type":"","overlay-color":"","overlay-opacity":"","overlay-gradient":""},"mobile":{"background-color":"var(--ast-global-color-5)","background-image":"","background-repeat":"repeat","background-position":"center center","background-size":"auto","background-attachment":"scroll","background-type":"","background-media":"","overlay-type":"","overlay-color":"","overlay-opacity":"","overlay-gradient":""}},"_joinchat":[],"footnotes":""},"class_list":["post-417","page","type-page","status-publish","hentry"],"yoast_head":"<!-- This site is optimized with the Yoast SEO plugin v27.5 - https:\/\/yoast.com\/product\/yoast-seo-wordpress\/ -->\n<title>Soy Pride - Viajes y Turismo LGBTQ+<\/title>\n<meta name=\"description\" content=\"Agencia de viajes especializada en turismo LGBTQ+. Dise\u00f1o de viajes personalizados y grupales. Somos heterofriendly. Buenos Aires, Argentina.\" \/>\n<meta name=\"robots\" content=\"index, follow, max-snippet:-1, max-image-preview:large, max-video-preview:-1\" \/>\n<link rel=\"canonical\" href=\"https:\/\/soypride.tur.ar\/en\/\" \/>\n<meta property=\"og:locale\" content=\"en_US\" \/>\n<meta property=\"og:type\" content=\"article\" \/>\n<meta property=\"og:title\" content=\"Soy Pride - Viajes y Turismo LGBTQ+\" \/>\n<meta property=\"og:description\" content=\"Agencia de viajes especializada en turismo LGBTQ+. Dise\u00f1o de viajes personalizados y grupales. Somos heterofriendly. Buenos Aires, Argentina.\" \/>\n<meta property=\"og:url\" content=\"https:\/\/soypride.tur.ar\/en\/\" \/>\n<meta property=\"og:site_name\" content=\"Soy Pride\" \/>\n<meta property=\"article:publisher\" content=\"https:\/\/www.instagram.com\/soyprideviajes\" \/>\n<meta property=\"article:modified_time\" content=\"2026-04-26T17:25:45+00:00\" \/>\n<meta property=\"og:image\" content=\"https:\/\/soypride.tur.ar\/wp-content\/uploads\/2022\/08\/quote-1.png\" \/>\n<meta name=\"twitter:card\" content=\"summary_large_image\" \/>\n<meta name=\"twitter:label1\" content=\"Est. reading time\" \/>\n\t<meta name=\"twitter:data1\" content=\"2 minutes\" \/>\n<script type=\"application\/ld+json\" class=\"yoast-schema-graph\">{\"@context\":\"https:\\\/\\\/schema.org\",\"@graph\":[{\"@type\":\"WebPage\",\"@id\":\"https:\\\/\\\/soypride.tur.ar\\\/\",\"url\":\"https:\\\/\\\/soypride.tur.ar\\\/\",\"name\":\"Soy Pride - Viajes y Turismo LGBTQ+\",\"isPartOf\":{\"@id\":\"https:\\\/\\\/soypride.tur.ar\\\/#website\"},\"primaryImageOfPage\":{\"@id\":\"https:\\\/\\\/soypride.tur.ar\\\/#primaryimage\"},\"image\":{\"@id\":\"https:\\\/\\\/soypride.tur.ar\\\/#primaryimage\"},\"thumbnailUrl\":\"https:\\\/\\\/soypride.tur.ar\\\/wp-content\\\/uploads\\\/2022\\\/08\\\/quote-1.png\",\"datePublished\":\"2020-09-15T06:48:15+00:00\",\"dateModified\":\"2026-04-26T17:25:45+00:00\",\"description\":\"Agencia de viajes especializada en turismo LGBTQ+. Dise\u00f1o de viajes personalizados y grupales. Somos heterofriendly. Buenos Aires, Argentina.\",\"breadcrumb\":{\"@id\":\"https:\\\/\\\/soypride.tur.ar\\\/#breadcrumb\"},\"inLanguage\":\"en-US\",\"potentialAction\":[{\"@type\":\"ReadAction\",\"target\":[\"https:\\\/\\\/soypride.tur.ar\\\/\"]}]},{\"@type\":\"ImageObject\",\"inLanguage\":\"en-US\",\"@id\":\"https:\\\/\\\/soypride.tur.ar\\\/#primaryimage\",\"url\":\"https:\\\/\\\/soypride.tur.ar\\\/wp-content\\\/uploads\\\/2022\\\/08\\\/quote-1.png\",\"contentUrl\":\"https:\\\/\\\/soypride.tur.ar\\\/wp-content\\\/uploads\\\/2022\\\/08\\\/quote-1.png\"},{\"@type\":\"BreadcrumbList\",\"@id\":\"https:\\\/\\\/soypride.tur.ar\\\/#breadcrumb\",\"itemListElement\":[{\"@type\":\"ListItem\",\"position\":1,\"name\":\"Portada\",\"item\":\"https:\\\/\\\/soypride.tur.ar\\\/\"},{\"@type\":\"ListItem\",\"position\":2,\"name\":\"Contacto\",\"item\":\"https:\\\/\\\/soypride.tur.ar\\\/contacto\\\/\"},{\"@type\":\"ListItem\",\"position\":3,\"name\":\"Inicio\"}]},{\"@type\":\"WebSite\",\"@id\":\"https:\\\/\\\/soypride.tur.ar\\\/#website\",\"url\":\"https:\\\/\\\/soypride.tur.ar\\\/\",\"name\":\"Soy Pride\",\"description\":\"Viajes y Turismo LGBTQ+\",\"publisher\":{\"@id\":\"https:\\\/\\\/soypride.tur.ar\\\/#organization\"},\"potentialAction\":[{\"@type\":\"SearchAction\",\"target\":{\"@type\":\"EntryPoint\",\"urlTemplate\":\"https:\\\/\\\/soypride.tur.ar\\\/?s={search_term_string}\"},\"query-input\":{\"@type\":\"PropertyValueSpecification\",\"valueRequired\":true,\"valueName\":\"search_term_string\"}}],\"inLanguage\":\"en-US\"},{\"@type\":\"Organization\",\"@id\":\"https:\\\/\\\/soypride.tur.ar\\\/#organization\",\"name\":\"Soy Pride\",\"url\":\"https:\\\/\\\/soypride.tur.ar\\\/\",\"logo\":{\"@type\":\"ImageObject\",\"inLanguage\":\"en-US\",\"@id\":\"https:\\\/\\\/soypride.tur.ar\\\/#\\\/schema\\\/logo\\\/image\\\/\",\"url\":\"https:\\\/\\\/soypride.tur.ar\\\/wp-content\\\/uploads\\\/2023\\\/01\\\/SOY-HORIZONTAL.png\",\"contentUrl\":\"https:\\\/\\\/soypride.tur.ar\\\/wp-content\\\/uploads\\\/2023\\\/01\\\/SOY-HORIZONTAL.png\",\"width\":751,\"height\":185,\"caption\":\"Soy Pride\"},\"image\":{\"@id\":\"https:\\\/\\\/soypride.tur.ar\\\/#\\\/schema\\\/logo\\\/image\\\/\"},\"sameAs\":[\"https:\\\/\\\/www.instagram.com\\\/soyprideviajes\",\"https:\\\/\\\/www.tiktok.com\\\/@soyprideviajes\"]}]}<\/script>\n<!-- \/ Yoast SEO plugin. -->","yoast_head_json":{"title":"Soy Pride - Viajes y Turismo LGBTQ+","description":"Agencia de viajes especializada en turismo LGBTQ+. Dise\u00f1o de viajes personalizados y grupales. Somos heterofriendly. Buenos Aires, Argentina.","robots":{"index":"index","follow":"follow","max-snippet":"max-snippet:-1","max-image-preview":"max-image-preview:large","max-video-preview":"max-video-preview:-1"},"canonical":"https:\/\/soypride.tur.ar\/en\/","og_locale":"en_US","og_type":"article","og_title":"Soy Pride - Viajes y Turismo LGBTQ+","og_description":"Agencia de viajes especializada en turismo LGBTQ+. Dise\u00f1o de viajes personalizados y grupales. Somos heterofriendly. Buenos Aires, Argentina.","og_url":"https:\/\/soypride.tur.ar\/en\/","og_site_name":"Soy Pride","article_publisher":"https:\/\/www.instagram.com\/soyprideviajes","article_modified_time":"2026-04-26T17:25:45+00:00","og_image":[{"url":"https:\/\/soypride.tur.ar\/wp-content\/uploads\/2022\/08\/quote-1.png","type":"","width":"","height":""}],"twitter_card":"summary_large_image","twitter_misc":{"Est. reading time":"2 minutes"},"schema":{"@context":"https:\/\/schema.org","@graph":[{"@type":"WebPage","@id":"https:\/\/soypride.tur.ar\/","url":"https:\/\/soypride.tur.ar\/","name":"Soy Pride - Viajes y Turismo LGBTQ+","isPartOf":{"@id":"https:\/\/soypride.tur.ar\/#website"},"primaryImageOfPage":{"@id":"https:\/\/soypride.tur.ar\/#primaryimage"},"image":{"@id":"https:\/\/soypride.tur.ar\/#primaryimage"},"thumbnailUrl":"https:\/\/soypride.tur.ar\/wp-content\/uploads\/2022\/08\/quote-1.png","datePublished":"2020-09-15T06:48:15+00:00","dateModified":"2026-04-26T17:25:45+00:00","description":"Agencia de viajes especializada en turismo LGBTQ+. Dise\u00f1o de viajes personalizados y grupales. Somos heterofriendly. Buenos Aires, Argentina.","breadcrumb":{"@id":"https:\/\/soypride.tur.ar\/#breadcrumb"},"inLanguage":"en-US","potentialAction":[{"@type":"ReadAction","target":["https:\/\/soypride.tur.ar\/"]}]},{"@type":"ImageObject","inLanguage":"en-US","@id":"https:\/\/soypride.tur.ar\/#primaryimage","url":"https:\/\/soypride.tur.ar\/wp-content\/uploads\/2022\/08\/quote-1.png","contentUrl":"https:\/\/soypride.tur.ar\/wp-content\/uploads\/2022\/08\/quote-1.png"},{"@type":"BreadcrumbList","@id":"https:\/\/soypride.tur.ar\/#breadcrumb","itemListElement":[{"@type":"ListItem","position":1,"name":"Portada","item":"https:\/\/soypride.tur.ar\/"},{"@type":"ListItem","position":2,"name":"Contacto","item":"https:\/\/soypride.tur.ar\/contacto\/"},{"@type":"ListItem","position":3,"name":"Inicio"}]},{"@type":"WebSite","@id":"https:\/\/soypride.tur.ar\/#website","url":"https:\/\/soypride.tur.ar\/","name":"Soy Pride","description":"Viajes y Turismo LGBTQ+","publisher":{"@id":"https:\/\/soypride.tur.ar\/#organization"},"potentialAction":[{"@type":"SearchAction","target":{"@type":"EntryPoint","urlTemplate":"https:\/\/soypride.tur.ar\/?s={search_term_string}"},"query-input":{"@type":"PropertyValueSpecification","valueRequired":true,"valueName":"search_term_string"}}],"inLanguage":"en-US"},{"@type":"Organization","@id":"https:\/\/soypride.tur.ar\/#organization","name":"Soy Pride","url":"https:\/\/soypride.tur.ar\/","logo":{"@type":"ImageObject","inLanguage":"en-US","@id":"https:\/\/soypride.tur.ar\/#\/schema\/logo\/image\/","url":"https:\/\/soypride.tur.ar\/wp-content\/uploads\/2023\/01\/SOY-HORIZONTAL.png","contentUrl":"https:\/\/soypride.tur.ar\/wp-content\/uploads\/2023\/01\/SOY-HORIZONTAL.png","width":751,"height":185,"caption":"Soy Pride"},"image":{"@id":"https:\/\/soypride.tur.ar\/#\/schema\/logo\/image\/"},"sameAs":["https:\/\/www.instagram.com\/soyprideviajes","https:\/\/www.tiktok.com\/@soyprideviajes"]}]}},"uagb_featured_image_src":{"full":false,"thumbnail":false,"medium":false,"medium_large":false,"large":false,"1536x1536":false,"2048x2048":false,"trp-custom-language-flag":false},"uagb_author_info":{"display_name":"soypride","author_link":"https:\/\/soypride.tur.ar\/en\/author\/soypride\/"},"uagb_comment_info":0,"uagb_excerpt":"\u201cMas importante que la cima es el camino, y mas importante que el caminoson los principios que mueven tus pies\u201d &#8211; Mariano Galv\u00e1n &#8211; Monta\u00f1ista Argentino DESTINO DESTACADO","_links":{"self":[{"href":"https:\/\/soypride.tur.ar\/en\/wp-json\/wp\/v2\/pages\/417","targetHints":{"allow":["GET"]}}],"collection":[{"href":"https:\/\/soypride.tur.ar\/en\/wp-json\/wp\/v2\/pages"}],"about":[{"href":"https:\/\/soypride.tur.ar\/en\/wp-json\/wp\/v2\/types\/page"}],"author":[{"embeddable":true,"href":"https:\/\/soypride.tur.ar\/en\/wp-json\/wp\/v2\/users\/1"}],"replies":[{"embeddable":true,"href":"https:\/\/soypride.tur.ar\/en\/wp-json\/wp\/v2\/comments?post=417"}],"version-history":[{"count":102,"href":"https:\/\/soypride.tur.ar\/en\/wp-json\/wp\/v2\/pages\/417\/revisions"}],"predecessor-version":[{"id":1018,"href":"https:\/\/soypride.tur.ar\/en\/wp-json\/wp\/v2\/pages\/417\/revisions\/1018"}],"up":[{"embeddable":true,"href":"https:\/\/soypride.tur.ar\/en\/wp-json\/wp\/v2\/pages\/416"}],"wp:attachment":[{"href":"https:\/\/soypride.tur.ar\/en\/wp-json\/wp\/v2\/media?parent=417"}],"curies":[{"name":"wp","href":"https:\/\/api.w.org\/{rel}","templated":true}]}}